{"id":45,"date":"2021-06-10T13:05:24","date_gmt":"2021-06-10T16:05:24","guid":{"rendered":"http:\/\/qvagas.quallitypsi.com.br\/index.php\/publicar-um-anuncio\/"},"modified":"2021-06-10T13:05:24","modified_gmt":"2021-06-10T16:05:24","slug":"publicar-um-anuncio","status":"publish","type":"page","link":"https:\/\/qvagas.quallitypsi.com.br\/index.php\/publicar-um-anuncio\/","title":{"rendered":"Publicar um an\u00fancio"},"content":{"rendered":"<form action=\"\/index.php\/wp-json\/wp\/v2\/pages\/45\" method=\"post\" id=\"submit-job-form\" class=\"job-manager-form\" enctype=\"multipart\/form-data\">\n\n\t\n\t\n\t\n\t\t\t<fieldset class=\"fieldset-login_required\">\n\t\t<label>Tem uma conta?<\/label>\n\t\t<div class=\"field account-sign-in\">\n\t\t\t<a class=\"button\" href=\"https:\/\/qvagas.quallitypsi.com.br\/wp-login.php?redirect_to=https%3A%2F%2Fqvagas.quallitypsi.com.br%2Findex.php%2Fpublicar-um-anuncio%2F\">Entrar<\/a>\n\n\t\t\t\n\t\t\t\tIf you don&#039;t have an account you can create one below by entering your email address\/username.\t\t\t\t\t\t\t\t\tOs detalhes da sua conta ser\u00e3o confirmados por e-mail.\t\t\t\t\n\t\t\t\t\t<\/div>\n\t<\/fieldset>\n\t\t\t\t<fieldset class=\"fieldset-create_account_email\">\n\t\t\t\t<label\n\t\t\t\t\tfor=\"create_account_email\">Seu e-mail<\/label>\n\t\t\t\t<div class=\"field required-field draft-required\">\n\t\t\t\t\t<input type=\"text\" class=\"input-text\" name=\"create_account_email\" id=\"create_account_email\" placeholder=\"voce@dominio.com.br\" value=\"\" maxlength=\"\" required \/>\n\t\t\t\t<\/div>\n\t\t\t<\/fieldset>\n\t\t\t\n\t\n\t\n\t\t<!-- Job Information Fields -->\n\t\t\n\t\t\t\t\t<fieldset class=\"fieldset-job_title fieldset-type-text\">\n\t\t\t\t<label for=\"job_title\">T\u00edtulo da vaga<\/label>\n\t\t\t\t<div class=\"field required-field\">\n\t\t\t\t\t<input type=\"text\" class=\"input-text\" name=\"job_title\" id=\"job_title\" placeholder=\"\" value=\"\" maxlength=\"\" required \/>\n\t\t\t\t<\/div>\n\t\t\t<\/fieldset>\n\t\t\t\t\t<fieldset class=\"fieldset-job_location fieldset-type-text\">\n\t\t\t\t<label for=\"job_location\">Localiza\u00e7\u00e3o <small>(opcional)<\/small><\/label>\n\t\t\t\t<div class=\"field \">\n\t\t\t\t\t<input type=\"text\" class=\"input-text\" name=\"job_location\" id=\"job_location\" placeholder=\"Ex.: &quot;S\u00e3o Paulo&quot;\" value=\"\" maxlength=\"\"  \/>\n<small class=\"description\">Deixe em branco se a localiza\u00e7\u00e3o n\u00e3o \u00e9 importante<\/small>\t\t\t\t<\/div>\n\t\t\t<\/fieldset>\n\t\t\t\t\t<fieldset class=\"fieldset-remote_position fieldset-type-checkbox\">\n\t\t\t\t<label for=\"remote_position\">Remote Position <small>(opcional)<\/small><\/label>\n\t\t\t\t<div class=\"field \">\n\t\t\t\t\t<input type=\"checkbox\" class=\"input-checkbox\" name=\"remote_position\" id=\"remote_position\"  value=\"1\"  \/>\n<small class=\"description\">Select if this is a remote position.<\/small>\t\t\t\t<\/div>\n\t\t\t<\/fieldset>\n\t\t\t\t\t<fieldset class=\"fieldset-job_type fieldset-type-term-multiselect\">\n\t\t\t\t<label for=\"job_type\">Tipo de vaga<\/label>\n\t\t\t\t<div class=\"field required-field\">\n\t\t\t\t\t<select name='job_type[]' id='job_type' class='job-manager-category-dropdown ' multiple='multiple' data-placeholder='Escolha o tipo de an\u00fancio&hellip;' data-no_results_text='Nenhum resultado' data-multiple_text='Selecione algumas op\u00e7\u00f5es'>\n\t<option class=\"level-0\" value=\"17\">Concurso P\u00fablico<\/option>\n\t<option class=\"level-0\" value=\"16\">Est\u00e1gio<\/option>\n\t<option class=\"level-0\" value=\"15\">Freelance<\/option>\n\t<option class=\"level-0\" value=\"29\">H\u00edbrido (Home Office e Presencial)<\/option>\n\t<option class=\"level-0\" value=\"22\">Home Office<\/option>\n\t<option class=\"level-0\" value=\"20\">Jovem Aprendiz<\/option>\n\t<option class=\"level-0\" value=\"19\">PCD - Vaga para pessoa com defici\u00eancia<\/option>\n\t<option class=\"level-0\" value=\"21\">Pessoa Jur\u00eddica<\/option>\n\t<option class=\"level-0\" value=\"18\">Processo Seletivo - Designa\u00e7\u00e3o Tempor\u00e1ria (DT)<\/option>\n\t<option class=\"level-0\" value=\"23\">Trainee<\/option>\n\t<option class=\"level-0\" value=\"12\">Vaga de Emprego<\/option>\n\t<option class=\"level-0\" value=\"13\">Vaga Part Time<\/option>\n\t<option class=\"level-0\" value=\"14\">Vaga Tempor\u00e1ria<\/option>\n<\/select>\n\t\t\t\t<\/div>\n\t\t\t<\/fieldset>\n\t\t\t\t\t<fieldset class=\"fieldset-job_category fieldset-type-term-multiselect\">\n\t\t\t\t<label for=\"job_category\">Categoria de vaga<\/label>\n\t\t\t\t<div class=\"field required-field\">\n\t\t\t\t\t<select name='job_category[]' id='job_category' class='job-manager-category-dropdown ' multiple='multiple' data-placeholder='Escolha uma categoria&hellip;' data-no_results_text='Nenhum resultado' data-multiple_text='Selecione algumas op\u00e7\u00f5es'>\n\t<option class=\"level-0\" value=\"36\">Concurso P\u00fablico<\/option>\n\t<option class=\"level-0\" value=\"31\">Est\u00e1gio<\/option>\n\t<option class=\"level-0\" value=\"33\">Flex\u00edvel<\/option>\n\t<option class=\"level-0\" value=\"32\">Freelance<\/option>\n\t<option class=\"level-0\" value=\"34\">H\u00edbrido<\/option>\n\t<option class=\"level-0\" value=\"35\">Home Office<\/option>\n\t<option class=\"level-0\" value=\"37\">Jovem Aprendiz<\/option>\n\t<option class=\"level-0\" value=\"38\">PCD \u2013 Vaga para pessoa com defici\u00eancia<\/option>\n\t<option class=\"level-0\" value=\"39\">Pessoa Jur\u00eddica<\/option>\n\t<option class=\"level-0\" value=\"40\">Processo Seletivo \u2013 Designa\u00e7\u00e3o Tempor\u00e1ria (DT)<\/option>\n\t<option class=\"level-0\" value=\"43\">Tempor\u00e1ria<\/option>\n\t<option class=\"level-0\" value=\"41\">Trainee<\/option>\n\t<option class=\"level-0\" value=\"30\">Vaga de Emprego<\/option>\n\t<option class=\"level-0\" value=\"42\">Vaga Part Time<\/option>\n<\/select>\n\t\t\t\t<\/div>\n\t\t\t<\/fieldset>\n\t\t\t\t\t<fieldset class=\"fieldset-job_description fieldset-type-wp-editor\">\n\t\t\t\t<label for=\"job_description\">Descri\u00e7\u00e3o<\/label>\n\t\t\t\t<div class=\"field required-field\">\n\t\t\t\t\t<div id=\"wp-job_description-wrap\" class=\"wp-core-ui wp-editor-wrap tmce-active\"><link rel='stylesheet' id='dashicons-css' href='https:\/\/qvagas.quallitypsi.com.br\/wp-includes\/css\/dashicons.min.css?ver=6.9.4' type='text\/css' media='all' \/>\n<link rel='stylesheet' id='editor-buttons-css' href='https:\/\/qvagas.quallitypsi.com.br\/wp-includes\/css\/editor.min.css?ver=6.9.4' type='text\/css' media='all' \/>\n<style> .mce-top-part button { background-color: rgba(0,0,0,0.0) !important; } <\/style>\n<div id=\"wp-job_description-editor-container\" class=\"wp-editor-container\"><textarea class=\"wp-editor-area\" rows=\"8\" autocomplete=\"off\" cols=\"40\" name=\"job_description\" id=\"job_description\"><\/textarea><\/div>\n<\/div>\n\n\t\t\t\t<\/div>\n\t\t\t<\/fieldset>\n\t\t\t\t\t<fieldset class=\"fieldset-application fieldset-type-text\">\n\t\t\t\t<label for=\"application\">E-mail\/URL para candidatura<\/label>\n\t\t\t\t<div class=\"field required-field\">\n\t\t\t\t\t<input type=\"text\" class=\"input-text\" name=\"application\" id=\"application\" placeholder=\"Digite um endere\u00e7o de e-mail ou URL do site\" value=\"\" maxlength=\"\" required \/>\n\t\t\t\t<\/div>\n\t\t\t<\/fieldset>\n\t\t\t\t\t<fieldset class=\"fieldset-job_salary fieldset-type-text\">\n\t\t\t\t<label for=\"job_salary\">Salary <small>(opcional)<\/small><\/label>\n\t\t\t\t<div class=\"field \">\n\t\t\t\t\t<input type=\"text\" class=\"input-text\" name=\"job_salary\" id=\"job_salary\" placeholder=\"e.g. 20000\" value=\"\" maxlength=\"\"  \/>\n\t\t\t\t<\/div>\n\t\t\t<\/fieldset>\n\t\t\t\t\t<fieldset class=\"fieldset-job_salary_currency fieldset-type-text\">\n\t\t\t\t<label for=\"job_salary_currency\">Salary Currency <small>(opcional)<\/small><\/label>\n\t\t\t\t<div class=\"field \">\n\t\t\t\t\t<input type=\"text\" class=\"input-text\" name=\"job_salary_currency\" id=\"job_salary_currency\" placeholder=\"e.g. USD\" value=\"\" maxlength=\"\"  \/>\n<small class=\"description\">Add a salary currency, this field is optional. Leave it empty to use the default salary currency.<\/small>\t\t\t\t<\/div>\n\t\t\t<\/fieldset>\n\t\t\t\t\t<fieldset class=\"fieldset-job_salary_unit fieldset-type-select\">\n\t\t\t\t<label for=\"job_salary_unit\">Salary Unit <small>(opcional)<\/small><\/label>\n\t\t\t\t<div class=\"field \">\n\t\t\t\t\t<select name=\"job_salary_unit\" id=\"job_salary_unit\"  autocomplete=\"off\">\n\t\t\t<option value=\"\" >--<\/option>\n\t\t\t<option value=\"YEAR\" >Year<\/option>\n\t\t\t<option value=\"MONTH\" >Month<\/option>\n\t\t\t<option value=\"WEEK\" >Week<\/option>\n\t\t\t<option value=\"DAY\" >Day<\/option>\n\t\t\t<option value=\"HOUR\" >Hour<\/option>\n\t<\/select>\n<small class=\"description\">Add a salary period unit, this field is optional. Leave it empty to use the default salary unit, if one is defined.<\/small>\t\t\t\t<\/div>\n\t\t\t<\/fieldset>\n\t\t\n\t\t\n\t\t<!-- Company Information Fields -->\n\t\t\t\t\t<h2>Detalhes da empresa<\/h2>\n\n\t\t\t\n\t\t\t\t\t\t\t<fieldset class=\"fieldset-company_name fieldset-type-text\">\n\t\t\t\t\t<label for=\"company_name\">Nome da empresa<\/label>\n\t\t\t\t\t<div class=\"field required-field\">\n\t\t\t\t\t\t<input type=\"text\" class=\"input-text\" name=\"company_name\" id=\"company_name\" placeholder=\"Digite o nome da empresa\" value=\"\" maxlength=\"\" required \/>\n\t\t\t\t\t<\/div>\n\t\t\t\t<\/fieldset>\n\t\t\t\t\t\t\t<fieldset class=\"fieldset-company_website fieldset-type-text\">\n\t\t\t\t\t<label for=\"company_website\">Site <small>(opcional)<\/small><\/label>\n\t\t\t\t\t<div class=\"field \">\n\t\t\t\t\t\t<input type=\"text\" class=\"input-text\" name=\"company_website\" id=\"company_website\" placeholder=\"http:\/\/\" value=\"\" maxlength=\"\"  \/>\n\t\t\t\t\t<\/div>\n\t\t\t\t<\/fieldset>\n\t\t\t\t\t\t\t<fieldset class=\"fieldset-company_tagline fieldset-type-text\">\n\t\t\t\t\t<label for=\"company_tagline\">Slogan <small>(opcional)<\/small><\/label>\n\t\t\t\t\t<div class=\"field \">\n\t\t\t\t\t\t<input type=\"text\" class=\"input-text\" name=\"company_tagline\" id=\"company_tagline\" placeholder=\"Descreva brevemente sua empresa\" value=\"\" maxlength=\"64\"  \/>\n\t\t\t\t\t<\/div>\n\t\t\t\t<\/fieldset>\n\t\t\t\t\t\t\t<fieldset class=\"fieldset-company_video fieldset-type-text\">\n\t\t\t\t\t<label for=\"company_video\">V\u00eddeo <small>(opcional)<\/small><\/label>\n\t\t\t\t\t<div class=\"field \">\n\t\t\t\t\t\t<input type=\"text\" class=\"input-text\" name=\"company_video\" id=\"company_video\" placeholder=\"Um link para o v\u00eddeo sobre sua empresa\" value=\"\" maxlength=\"\"  \/>\n\t\t\t\t\t<\/div>\n\t\t\t\t<\/fieldset>\n\t\t\t\t\t\t\t<fieldset class=\"fieldset-company_twitter fieldset-type-text\">\n\t\t\t\t\t<label for=\"company_twitter\">Nome de usu\u00e1rio do Twitter <small>(opcional)<\/small><\/label>\n\t\t\t\t\t<div class=\"field \">\n\t\t\t\t\t\t<input type=\"text\" class=\"input-text\" name=\"company_twitter\" id=\"company_twitter\" placeholder=\"@suaempresa\" value=\"\" maxlength=\"\"  \/>\n\t\t\t\t\t<\/div>\n\t\t\t\t<\/fieldset>\n\t\t\t\t\t\t\t<fieldset class=\"fieldset-company_logo fieldset-type-file\">\n\t\t\t\t\t<label for=\"company_logo\">Logo <small>(opcional)<\/small><\/label>\n\t\t\t\t\t<div class=\"field \">\n\t\t\t\t\t\t<div class=\"job-manager-uploaded-files\">\n\t<\/div>\n\n<input\n\ttype=\"file\"\n\tclass=\"input-text\"\n\tdata-file_types=\"jpg|jpeg|gif|png\"\n\t\t\t\t\tname=\"company_logo\"\n\tid=\"company_logo\"\n\tplaceholder=\"\"\n\/>\n<small class=\"description\">\n\t\t\tTamanho m\u00e1ximo do arquivo: 256 MB.\t<\/small>\n\t\t\t\t\t<\/div>\n\t\t\t\t<\/fieldset>\n\t\t\t\n\t\t\t\t\t\n\t\t<fieldset class=\"fieldset-agreement-checkbox \">\n\t<div class=\"field full-line-checkbox-field required-field\">\n\t\t<input type=\"checkbox\" class=\"input-checkbox\" name=\"agreement-checkbox\" id=\"agreement-checkbox\"  value=\"1\"  required \/>\n\t\t<label for=\"agreement-checkbox\">I accept the <a href=\"https:\/\/qvagas.quallitypsi.com.br\/index.php\/ajuda\/\" target=\"_blank\">Terms and Conditions<\/a>.<\/label>\n\t\t\t<\/div>\n<\/fieldset>\n\n\t\t<p>\n\t\t\t<input type=\"hidden\" name=\"job_manager_form\" value=\"submit-job\" \/>\n\t\t\t<input type=\"hidden\" name=\"job_id\" value=\"0\" \/>\n\t\t\t<input type=\"hidden\" name=\"step\" value=\"0\" \/>\n\t\t\t<input type=\"submit\" name=\"submit_job\" class=\"button\"\n    \t\t value=\"Pr\u00e9-visualizar\" \/>\n\t\t\t<input type=\"submit\" name=\"save_draft\" class=\"button secondary save_draft\" value=\"Save Draft\" formnovalidate \/>\t\t\t<span class=\"spinner\" style=\"background-image: url(https:\/\/qvagas.quallitypsi.com.br\/wp-includes\/images\/spinner.gif);\"><\/span>\n\t\t<\/p>\n\n\t<\/form>\n\n","protected":false},"excerpt":{"rendered":"","protected":false},"author":3,"featured_media":0,"parent":0,"menu_order":0,"comment_status":"closed","ping_status":"closed","template":"","meta":{"footnotes":""},"class_list":["post-45","page","type-page","status-publish","hentry"],"yoast_head":"<!-- This site is optimized with the Yoast SEO plugin v27.4 - https:\/\/yoast.com\/product\/yoast-seo-wordpress\/ -->\n<title>Publicar um an\u00fancio - QVagas<\/title>\n<meta name=\"robots\" content=\"index, follow, max-snippet:-1, max-image-preview:large, max-video-preview:-1\" \/>\n<link rel=\"canonical\" href=\"https:\/\/qvagas.quallitypsi.com.br\/index.php\/publicar-um-anuncio\/\" \/>\n<meta property=\"og:locale\" content=\"pt_BR\" \/>\n<meta property=\"og:type\" content=\"article\" \/>\n<meta property=\"og:title\" content=\"Publicar um an\u00fancio - QVagas\" \/>\n<meta property=\"og:url\" content=\"https:\/\/qvagas.quallitypsi.com.br\/index.php\/publicar-um-anuncio\/\" \/>\n<meta property=\"og:site_name\" content=\"QVagas\" \/>\n<meta property=\"article:publisher\" content=\"https:\/\/www.facebook.com\/quallitypsi\" \/>\n<meta property=\"og:image\" content=\"https:\/\/qvagas.quallitypsi.com.br\/wp-content\/uploads\/2021\/06\/cropped-cropped-Untitled-design-3.png\" \/>\n\t<meta property=\"og:image:width\" content=\"121\" \/>\n\t<meta property=\"og:image:height\" content=\"134\" \/>\n\t<meta property=\"og:image:type\" content=\"image\/png\" \/>\n<meta name=\"twitter:card\" content=\"summary_large_image\" \/>\n<script type=\"application\/ld+json\" class=\"yoast-schema-graph\">{\"@context\":\"https:\\\/\\\/schema.org\",\"@graph\":[{\"@type\":\"WebPage\",\"@id\":\"https:\\\/\\\/qvagas.quallitypsi.com.br\\\/index.php\\\/publicar-um-anuncio\\\/\",\"url\":\"https:\\\/\\\/qvagas.quallitypsi.com.br\\\/index.php\\\/publicar-um-anuncio\\\/\",\"name\":\"Publicar um an\u00fancio - QVagas\",\"isPartOf\":{\"@id\":\"https:\\\/\\\/qvagas.quallitypsi.com.br\\\/#website\"},\"datePublished\":\"2021-06-10T16:05:24+00:00\",\"breadcrumb\":{\"@id\":\"https:\\\/\\\/qvagas.quallitypsi.com.br\\\/index.php\\\/publicar-um-anuncio\\\/#breadcrumb\"},\"inLanguage\":\"pt-BR\",\"potentialAction\":[{\"@type\":\"ReadAction\",\"target\":[\"https:\\\/\\\/qvagas.quallitypsi.com.br\\\/index.php\\\/publicar-um-anuncio\\\/\"]}]},{\"@type\":\"BreadcrumbList\",\"@id\":\"https:\\\/\\\/qvagas.quallitypsi.com.br\\\/index.php\\\/publicar-um-anuncio\\\/#breadcrumb\",\"itemListElement\":[{\"@type\":\"ListItem\",\"position\":1,\"name\":\"In\u00edcio\",\"item\":\"https:\\\/\\\/qvagas.quallitypsi.com.br\\\/\"},{\"@type\":\"ListItem\",\"position\":2,\"name\":\"Publicar um an\u00fancio\"}]},{\"@type\":\"WebSite\",\"@id\":\"https:\\\/\\\/qvagas.quallitypsi.com.br\\\/#website\",\"url\":\"https:\\\/\\\/qvagas.quallitypsi.com.br\\\/\",\"name\":\"QVagas\",\"description\":\"Site de Vagas de emprego e cadastro de curr\u00edculo da Quallity Psi\",\"publisher\":{\"@id\":\"https:\\\/\\\/qvagas.quallitypsi.com.br\\\/#organization\"},\"potentialAction\":[{\"@type\":\"SearchAction\",\"target\":{\"@type\":\"EntryPoint\",\"urlTemplate\":\"https:\\\/\\\/qvagas.quallitypsi.com.br\\\/?s={search_term_string}\"},\"query-input\":{\"@type\":\"PropertyValueSpecification\",\"valueRequired\":true,\"valueName\":\"search_term_string\"}}],\"inLanguage\":\"pt-BR\"},{\"@type\":\"Organization\",\"@id\":\"https:\\\/\\\/qvagas.quallitypsi.com.br\\\/#organization\",\"name\":\"QVagas\",\"url\":\"https:\\\/\\\/qvagas.quallitypsi.com.br\\\/\",\"logo\":{\"@type\":\"ImageObject\",\"inLanguage\":\"pt-BR\",\"@id\":\"https:\\\/\\\/qvagas.quallitypsi.com.br\\\/#\\\/schema\\\/logo\\\/image\\\/\",\"url\":\"https:\\\/\\\/qvagas.quallitypsi.com.br\\\/wp-content\\\/uploads\\\/2021\\\/06\\\/cropped-cropped-Untitled-design-3.png\",\"contentUrl\":\"https:\\\/\\\/qvagas.quallitypsi.com.br\\\/wp-content\\\/uploads\\\/2021\\\/06\\\/cropped-cropped-Untitled-design-3.png\",\"width\":121,\"height\":134,\"caption\":\"QVagas\"},\"image\":{\"@id\":\"https:\\\/\\\/qvagas.quallitypsi.com.br\\\/#\\\/schema\\\/logo\\\/image\\\/\"},\"sameAs\":[\"https:\\\/\\\/www.facebook.com\\\/quallitypsi\",\"https:\\\/\\\/www.linkedin.com\\\/company\\\/10451524\",\"https:\\\/\\\/www.instagram.com\\\/quallitypsi\\\/\",\"https:\\\/\\\/www.youtube.com\\\/channel\\\/UCFxBomMgYZ69n36yTcPUTJg\"]}]}<\/script>\n<!-- \/ Yoast SEO plugin. -->","yoast_head_json":{"title":"Publicar um an\u00fancio - QVagas","robots":{"index":"index","follow":"follow","max-snippet":"max-snippet:-1","max-image-preview":"max-image-preview:large","max-video-preview":"max-video-preview:-1"},"canonical":"https:\/\/qvagas.quallitypsi.com.br\/index.php\/publicar-um-anuncio\/","og_locale":"pt_BR","og_type":"article","og_title":"Publicar um an\u00fancio - QVagas","og_url":"https:\/\/qvagas.quallitypsi.com.br\/index.php\/publicar-um-anuncio\/","og_site_name":"QVagas","article_publisher":"https:\/\/www.facebook.com\/quallitypsi","og_image":[{"width":121,"height":134,"url":"https:\/\/qvagas.quallitypsi.com.br\/wp-content\/uploads\/2021\/06\/cropped-cropped-Untitled-design-3.png","type":"image\/png"}],"twitter_card":"summary_large_image","schema":{"@context":"https:\/\/schema.org","@graph":[{"@type":"WebPage","@id":"https:\/\/qvagas.quallitypsi.com.br\/index.php\/publicar-um-anuncio\/","url":"https:\/\/qvagas.quallitypsi.com.br\/index.php\/publicar-um-anuncio\/","name":"Publicar um an\u00fancio - QVagas","isPartOf":{"@id":"https:\/\/qvagas.quallitypsi.com.br\/#website"},"datePublished":"2021-06-10T16:05:24+00:00","breadcrumb":{"@id":"https:\/\/qvagas.quallitypsi.com.br\/index.php\/publicar-um-anuncio\/#breadcrumb"},"inLanguage":"pt-BR","potentialAction":[{"@type":"ReadAction","target":["https:\/\/qvagas.quallitypsi.com.br\/index.php\/publicar-um-anuncio\/"]}]},{"@type":"BreadcrumbList","@id":"https:\/\/qvagas.quallitypsi.com.br\/index.php\/publicar-um-anuncio\/#breadcrumb","itemListElement":[{"@type":"ListItem","position":1,"name":"In\u00edcio","item":"https:\/\/qvagas.quallitypsi.com.br\/"},{"@type":"ListItem","position":2,"name":"Publicar um an\u00fancio"}]},{"@type":"WebSite","@id":"https:\/\/qvagas.quallitypsi.com.br\/#website","url":"https:\/\/qvagas.quallitypsi.com.br\/","name":"QVagas","description":"Site de Vagas de emprego e cadastro de curr\u00edculo da Quallity Psi","publisher":{"@id":"https:\/\/qvagas.quallitypsi.com.br\/#organization"},"potentialAction":[{"@type":"SearchAction","target":{"@type":"EntryPoint","urlTemplate":"https:\/\/qvagas.quallitypsi.com.br\/?s={search_term_string}"},"query-input":{"@type":"PropertyValueSpecification","valueRequired":true,"valueName":"search_term_string"}}],"inLanguage":"pt-BR"},{"@type":"Organization","@id":"https:\/\/qvagas.quallitypsi.com.br\/#organization","name":"QVagas","url":"https:\/\/qvagas.quallitypsi.com.br\/","logo":{"@type":"ImageObject","inLanguage":"pt-BR","@id":"https:\/\/qvagas.quallitypsi.com.br\/#\/schema\/logo\/image\/","url":"https:\/\/qvagas.quallitypsi.com.br\/wp-content\/uploads\/2021\/06\/cropped-cropped-Untitled-design-3.png","contentUrl":"https:\/\/qvagas.quallitypsi.com.br\/wp-content\/uploads\/2021\/06\/cropped-cropped-Untitled-design-3.png","width":121,"height":134,"caption":"QVagas"},"image":{"@id":"https:\/\/qvagas.quallitypsi.com.br\/#\/schema\/logo\/image\/"},"sameAs":["https:\/\/www.facebook.com\/quallitypsi","https:\/\/www.linkedin.com\/company\/10451524","https:\/\/www.instagram.com\/quallitypsi\/","https:\/\/www.youtube.com\/channel\/UCFxBomMgYZ69n36yTcPUTJg"]}]}},"_links":{"self":[{"href":"https:\/\/qvagas.quallitypsi.com.br\/index.php\/wp-json\/wp\/v2\/pages\/45","targetHints":{"allow":["GET"]}}],"collection":[{"href":"https:\/\/qvagas.quallitypsi.com.br\/index.php\/wp-json\/wp\/v2\/pages"}],"about":[{"href":"https:\/\/qvagas.quallitypsi.com.br\/index.php\/wp-json\/wp\/v2\/types\/page"}],"author":[{"embeddable":true,"href":"https:\/\/qvagas.quallitypsi.com.br\/index.php\/wp-json\/wp\/v2\/users\/3"}],"replies":[{"embeddable":true,"href":"https:\/\/qvagas.quallitypsi.com.br\/index.php\/wp-json\/wp\/v2\/comments?post=45"}],"version-history":[{"count":0,"href":"https:\/\/qvagas.quallitypsi.com.br\/index.php\/wp-json\/wp\/v2\/pages\/45\/revisions"}],"wp:attachment":[{"href":"https:\/\/qvagas.quallitypsi.com.br\/index.php\/wp-json\/wp\/v2\/media?parent=45"}],"curies":[{"name":"wp","href":"https:\/\/api.w.org\/{rel}","templated":true}]}}