{"id":47,"date":"2021-06-10T13:05:24","date_gmt":"2021-06-10T16:05:24","guid":{"rendered":"http:\/\/qvagas.quallitypsi.com.br\/index.php\/anuncios\/"},"modified":"2023-09-25T10:48:45","modified_gmt":"2023-09-25T13:48:45","slug":"anuncios","status":"publish","type":"page","link":"https:\/\/qvagas.quallitypsi.com.br\/index.php\/anuncios\/","title":{"rendered":"An\u00fancios"},"content":{"rendered":"<div class=\"job_listings\" data-location=\"\" data-keywords=\"\" data-show_filters=\"true\" data-show_pagination=\"false\" data-per_page=\"15\" data-orderby=\"featured\" data-order=\"DESC\" data-categories=\"\" data-disable-form-state-storage=\"\" data-featured_first=\"false\" data-post_id=\"47\" >\n<form class=\"job_filters\">\n\t\n\t<div class=\"search_jobs\">\n\t\t\n\t\t<div class=\"search_keywords\">\n\t\t\t<label for=\"search_keywords\">Palavras-chave<\/label>\n\t\t\t<input type=\"text\" name=\"search_keywords\" id=\"search_keywords\" placeholder=\"Palavras-chave\" value=\"\" \/>\n\t\t<\/div>\n\n\t\t<div class=\"search_location\">\n\t\t\t<label for=\"search_location\">Localiza\u00e7\u00e3o<\/label>\n\t\t\t<input type=\"text\" name=\"search_location\" id=\"search_location\" placeholder=\"Localiza\u00e7\u00e3o\" value=\"\" \/>\n\t\t<\/div>\n\n\t\t\t\t\t<div class=\"search_remote_position\">\n\t\t\t\t<input type=\"checkbox\" class=\"input-checkbox\" name=\"remote_position\" id=\"remote_position\" placeholder=\"Localiza\u00e7\u00e3o\" value=\"1\"  \/>\n\t\t\t\t<label for=\"remote_position\" id=\"remote_position_label\">Remote positions only<\/label>\n\t\t\t<\/div>\n\t\t\n\t\t<div style=\"clear: both\"><\/div>\n\n\t\t\n\t\t\t\t\t<div class=\"search_submit\">\n\t\t\t\t<input type=\"submit\" value=\"Search Jobs\">\n\t\t\t<\/div>\n\t\t\n\t\t\t<\/div>\n\n\t\t<ul class=\"job_types\">\n\t\t\t\t\t<li><label for=\"job_type_concurso-publico\" class=\"concurso-publico\"><input type=\"checkbox\" name=\"filter_job_type[]\" value=\"concurso-publico\"  checked='checked' id=\"job_type_concurso-publico\" \/> Concurso P\u00fablico<\/label><\/li>\n\t\t\t\t\t<li><label for=\"job_type_estagio\" class=\"estagio\"><input type=\"checkbox\" name=\"filter_job_type[]\" value=\"estagio\"  checked='checked' id=\"job_type_estagio\" \/> Est\u00e1gio<\/label><\/li>\n\t\t\t\t\t<li><label for=\"job_type_freelance\" class=\"freelance\"><input type=\"checkbox\" name=\"filter_job_type[]\" value=\"freelance\"  checked='checked' id=\"job_type_freelance\" \/> Freelance<\/label><\/li>\n\t\t\t\t\t<li><label for=\"job_type_hibrido\" class=\"hibrido-home-office-e-presencial\"><input type=\"checkbox\" name=\"filter_job_type[]\" value=\"hibrido\"  checked='checked' id=\"job_type_hibrido\" \/> H\u00edbrido (Home Office e Presencial)<\/label><\/li>\n\t\t\t\t\t<li><label for=\"job_type_home-office\" class=\"home-office\"><input type=\"checkbox\" name=\"filter_job_type[]\" value=\"home-office\"  checked='checked' id=\"job_type_home-office\" \/> Home Office<\/label><\/li>\n\t\t\t\t\t<li><label for=\"job_type_jovem-aprendiz\" class=\"jovem-aprendiz\"><input type=\"checkbox\" name=\"filter_job_type[]\" value=\"jovem-aprendiz\"  checked='checked' id=\"job_type_jovem-aprendiz\" \/> Jovem Aprendiz<\/label><\/li>\n\t\t\t\t\t<li><label for=\"job_type_pcd-vaga-para-pessoa-com-deficiencia\" class=\"pcd-vaga-para-pessoa-com-deficiencia\"><input type=\"checkbox\" name=\"filter_job_type[]\" value=\"pcd-vaga-para-pessoa-com-deficiencia\"  checked='checked' id=\"job_type_pcd-vaga-para-pessoa-com-deficiencia\" \/> PCD - Vaga para pessoa com defici\u00eancia<\/label><\/li>\n\t\t\t\t\t<li><label for=\"job_type_pessoa-juridica\" class=\"pessoa-juridica\"><input type=\"checkbox\" name=\"filter_job_type[]\" value=\"pessoa-juridica\"  checked='checked' id=\"job_type_pessoa-juridica\" \/> Pessoa Jur\u00eddica<\/label><\/li>\n\t\t\t\t\t<li><label for=\"job_type_processo-seletivo-designacao-temporaria\" class=\"processo-seletivo-designacao-temporaria-dt\"><input type=\"checkbox\" name=\"filter_job_type[]\" value=\"processo-seletivo-designacao-temporaria\"  checked='checked' id=\"job_type_processo-seletivo-designacao-temporaria\" \/> Processo Seletivo - Designa\u00e7\u00e3o Tempor\u00e1ria (DT)<\/label><\/li>\n\t\t\t\t\t<li><label for=\"job_type_trainee\" class=\"trainee\"><input type=\"checkbox\" name=\"filter_job_type[]\" value=\"trainee\"  checked='checked' id=\"job_type_trainee\" \/> Trainee<\/label><\/li>\n\t\t\t\t\t<li><label for=\"job_type_vaga-de-emprego\" class=\"vaga-de-emprego\"><input type=\"checkbox\" name=\"filter_job_type[]\" value=\"vaga-de-emprego\"  checked='checked' id=\"job_type_vaga-de-emprego\" \/> Vaga de Emprego<\/label><\/li>\n\t\t\t\t\t<li><label for=\"job_type_vaga-part-time\" class=\"vaga-part-time\"><input type=\"checkbox\" name=\"filter_job_type[]\" value=\"vaga-part-time\"  checked='checked' id=\"job_type_vaga-part-time\" \/> Vaga Part Time<\/label><\/li>\n\t\t\t\t\t<li><label for=\"job_type_vaga-temporaria\" class=\"vaga-temporaria\"><input type=\"checkbox\" name=\"filter_job_type[]\" value=\"vaga-temporaria\"  checked='checked' id=\"job_type_vaga-temporaria\" \/> Vaga Tempor\u00e1ria<\/label><\/li>\n\t\t\t<\/ul>\n\t<input type=\"hidden\" name=\"filter_job_type[]\" value=\"\" \/>\n<div class=\"showing_jobs\"><\/div><\/form>\n\n\n<noscript>Seu navegador n\u00e3o suporta JavaScript ou est\u00e1 desativado. JavaScript deve estar habilitado para exibir an\u00fancios.<\/noscript>\n<ul class=\"job_listings\">\n<\/ul>\n<a class=\"load_more_jobs\" href=\"#\" style=\"display:none;\"><strong>Carregar mais an\u00fancios<\/strong><\/a><\/div>\n","protected":false},"excerpt":{"rendered":"<p>Aqui voc\u00ea encontra todas as vagas do site QVagas, pode buscar por profiss\u00e3o e outras categorias, dessa forma encontrar\u00e1 sua vaga desejada. <\/p>\n","protected":false},"author":3,"featured_media":0,"parent":0,"menu_order":0,"comment_status":"closed","ping_status":"closed","template":"","meta":{"footnotes":""},"class_list":["post-47","page","type-page","status-publish","hentry"],"yoast_head":"<!-- This site is optimized with the Yoast SEO plugin v27.5 - https:\/\/yoast.com\/product\/yoast-seo-wordpress\/ -->\n<title>An\u00fancios - QVagas<\/title>\n<meta name=\"description\" content=\"Aqui voc\u00ea encontra todas as vagas do site QVagas, pode buscar por profiss\u00e3o e outras categorias, dessa forma encontrar\u00e1 sua vaga desejada.\" \/>\n<meta name=\"robots\" content=\"index, follow, max-snippet:-1, max-image-preview:large, max-video-preview:-1\" \/>\n<link rel=\"canonical\" href=\"https:\/\/qvagas.quallitypsi.com.br\/index.php\/anuncios\/\" \/>\n<meta property=\"og:locale\" content=\"pt_BR\" \/>\n<meta property=\"og:type\" content=\"article\" \/>\n<meta property=\"og:title\" content=\"An\u00fancios - QVagas\" \/>\n<meta property=\"og:description\" content=\"Aqui voc\u00ea encontra todas as vagas do site QVagas, pode buscar por profiss\u00e3o e outras categorias, dessa forma encontrar\u00e1 sua vaga desejada.\" \/>\n<meta property=\"og:url\" content=\"https:\/\/qvagas.quallitypsi.com.br\/index.php\/anuncios\/\" \/>\n<meta property=\"og:site_name\" content=\"QVagas\" \/>\n<meta property=\"article:publisher\" content=\"https:\/\/www.facebook.com\/quallitypsi\" \/>\n<meta property=\"article:modified_time\" content=\"2023-09-25T13:48:45+00:00\" \/>\n<meta property=\"og:image\" content=\"https:\/\/qvagas.quallitypsi.com.br\/wp-content\/uploads\/2021\/06\/cropped-cropped-Untitled-design-3.png\" \/>\n\t<meta property=\"og:image:width\" content=\"121\" \/>\n\t<meta property=\"og:image:height\" content=\"134\" \/>\n\t<meta property=\"og:image:type\" content=\"image\/png\" \/>\n<meta name=\"twitter:card\" content=\"summary_large_image\" \/>\n<meta name=\"twitter:label1\" content=\"Est. tempo de leitura\" \/>\n\t<meta name=\"twitter:data1\" content=\"1 minuto\" \/>\n<script type=\"application\/ld+json\" class=\"yoast-schema-graph\">{\"@context\":\"https:\\\/\\\/schema.org\",\"@graph\":[{\"@type\":\"WebPage\",\"@id\":\"https:\\\/\\\/qvagas.quallitypsi.com.br\\\/index.php\\\/anuncios\\\/\",\"url\":\"https:\\\/\\\/qvagas.quallitypsi.com.br\\\/index.php\\\/anuncios\\\/\",\"name\":\"An\u00fancios - QVagas\",\"isPartOf\":{\"@id\":\"https:\\\/\\\/qvagas.quallitypsi.com.br\\\/#website\"},\"datePublished\":\"2021-06-10T16:05:24+00:00\",\"dateModified\":\"2023-09-25T13:48:45+00:00\",\"description\":\"Aqui voc\u00ea encontra todas as vagas do site QVagas, pode buscar por profiss\u00e3o e outras categorias, dessa forma encontrar\u00e1 sua vaga desejada.\",\"breadcrumb\":{\"@id\":\"https:\\\/\\\/qvagas.quallitypsi.com.br\\\/index.php\\\/anuncios\\\/#breadcrumb\"},\"inLanguage\":\"pt-BR\",\"potentialAction\":[{\"@type\":\"ReadAction\",\"target\":[\"https:\\\/\\\/qvagas.quallitypsi.com.br\\\/index.php\\\/anuncios\\\/\"]}]},{\"@type\":\"BreadcrumbList\",\"@id\":\"https:\\\/\\\/qvagas.quallitypsi.com.br\\\/index.php\\\/anuncios\\\/#breadcrumb\",\"itemListElement\":[{\"@type\":\"ListItem\",\"position\":1,\"name\":\"In\u00edcio\",\"item\":\"https:\\\/\\\/qvagas.quallitypsi.com.br\\\/\"},{\"@type\":\"ListItem\",\"position\":2,\"name\":\"An\u00fancios\"}]},{\"@type\":\"WebSite\",\"@id\":\"https:\\\/\\\/qvagas.quallitypsi.com.br\\\/#website\",\"url\":\"https:\\\/\\\/qvagas.quallitypsi.com.br\\\/\",\"name\":\"QVagas\",\"description\":\"Site de Vagas de emprego e cadastro de curr\u00edculo da Quallity Psi\",\"publisher\":{\"@id\":\"https:\\\/\\\/qvagas.quallitypsi.com.br\\\/#organization\"},\"potentialAction\":[{\"@type\":\"SearchAction\",\"target\":{\"@type\":\"EntryPoint\",\"urlTemplate\":\"https:\\\/\\\/qvagas.quallitypsi.com.br\\\/?s={search_term_string}\"},\"query-input\":{\"@type\":\"PropertyValueSpecification\",\"valueRequired\":true,\"valueName\":\"search_term_string\"}}],\"inLanguage\":\"pt-BR\"},{\"@type\":\"Organization\",\"@id\":\"https:\\\/\\\/qvagas.quallitypsi.com.br\\\/#organization\",\"name\":\"QVagas\",\"url\":\"https:\\\/\\\/qvagas.quallitypsi.com.br\\\/\",\"logo\":{\"@type\":\"ImageObject\",\"inLanguage\":\"pt-BR\",\"@id\":\"https:\\\/\\\/qvagas.quallitypsi.com.br\\\/#\\\/schema\\\/logo\\\/image\\\/\",\"url\":\"https:\\\/\\\/qvagas.quallitypsi.com.br\\\/wp-content\\\/uploads\\\/2021\\\/06\\\/cropped-cropped-Untitled-design-3.png\",\"contentUrl\":\"https:\\\/\\\/qvagas.quallitypsi.com.br\\\/wp-content\\\/uploads\\\/2021\\\/06\\\/cropped-cropped-Untitled-design-3.png\",\"width\":121,\"height\":134,\"caption\":\"QVagas\"},\"image\":{\"@id\":\"https:\\\/\\\/qvagas.quallitypsi.com.br\\\/#\\\/schema\\\/logo\\\/image\\\/\"},\"sameAs\":[\"https:\\\/\\\/www.facebook.com\\\/quallitypsi\",\"https:\\\/\\\/www.linkedin.com\\\/company\\\/10451524\",\"https:\\\/\\\/www.instagram.com\\\/quallitypsi\\\/\",\"https:\\\/\\\/www.youtube.com\\\/channel\\\/UCFxBomMgYZ69n36yTcPUTJg\"]}]}<\/script>\n<!-- \/ Yoast SEO plugin. -->","yoast_head_json":{"title":"An\u00fancios - QVagas","description":"Aqui voc\u00ea encontra todas as vagas do site QVagas, pode buscar por profiss\u00e3o e outras categorias, dessa forma encontrar\u00e1 sua vaga desejada.","robots":{"index":"index","follow":"follow","max-snippet":"max-snippet:-1","max-image-preview":"max-image-preview:large","max-video-preview":"max-video-preview:-1"},"canonical":"https:\/\/qvagas.quallitypsi.com.br\/index.php\/anuncios\/","og_locale":"pt_BR","og_type":"article","og_title":"An\u00fancios - QVagas","og_description":"Aqui voc\u00ea encontra todas as vagas do site QVagas, pode buscar por profiss\u00e3o e outras categorias, dessa forma encontrar\u00e1 sua vaga desejada.","og_url":"https:\/\/qvagas.quallitypsi.com.br\/index.php\/anuncios\/","og_site_name":"QVagas","article_publisher":"https:\/\/www.facebook.com\/quallitypsi","article_modified_time":"2023-09-25T13:48:45+00:00","og_image":[{"width":121,"height":134,"url":"https:\/\/qvagas.quallitypsi.com.br\/wp-content\/uploads\/2021\/06\/cropped-cropped-Untitled-design-3.png","type":"image\/png"}],"twitter_card":"summary_large_image","twitter_misc":{"Est. tempo de leitura":"1 minuto"},"schema":{"@context":"https:\/\/schema.org","@graph":[{"@type":"WebPage","@id":"https:\/\/qvagas.quallitypsi.com.br\/index.php\/anuncios\/","url":"https:\/\/qvagas.quallitypsi.com.br\/index.php\/anuncios\/","name":"An\u00fancios - QVagas","isPartOf":{"@id":"https:\/\/qvagas.quallitypsi.com.br\/#website"},"datePublished":"2021-06-10T16:05:24+00:00","dateModified":"2023-09-25T13:48:45+00:00","description":"Aqui voc\u00ea encontra todas as vagas do site QVagas, pode buscar por profiss\u00e3o e outras categorias, dessa forma encontrar\u00e1 sua vaga desejada.","breadcrumb":{"@id":"https:\/\/qvagas.quallitypsi.com.br\/index.php\/anuncios\/#breadcrumb"},"inLanguage":"pt-BR","potentialAction":[{"@type":"ReadAction","target":["https:\/\/qvagas.quallitypsi.com.br\/index.php\/anuncios\/"]}]},{"@type":"BreadcrumbList","@id":"https:\/\/qvagas.quallitypsi.com.br\/index.php\/anuncios\/#breadcrumb","itemListElement":[{"@type":"ListItem","position":1,"name":"In\u00edcio","item":"https:\/\/qvagas.quallitypsi.com.br\/"},{"@type":"ListItem","position":2,"name":"An\u00fancios"}]},{"@type":"WebSite","@id":"https:\/\/qvagas.quallitypsi.com.br\/#website","url":"https:\/\/qvagas.quallitypsi.com.br\/","name":"QVagas","description":"Site de Vagas de emprego e cadastro de curr\u00edculo da Quallity Psi","publisher":{"@id":"https:\/\/qvagas.quallitypsi.com.br\/#organization"},"potentialAction":[{"@type":"SearchAction","target":{"@type":"EntryPoint","urlTemplate":"https:\/\/qvagas.quallitypsi.com.br\/?s={search_term_string}"},"query-input":{"@type":"PropertyValueSpecification","valueRequired":true,"valueName":"search_term_string"}}],"inLanguage":"pt-BR"},{"@type":"Organization","@id":"https:\/\/qvagas.quallitypsi.com.br\/#organization","name":"QVagas","url":"https:\/\/qvagas.quallitypsi.com.br\/","logo":{"@type":"ImageObject","inLanguage":"pt-BR","@id":"https:\/\/qvagas.quallitypsi.com.br\/#\/schema\/logo\/image\/","url":"https:\/\/qvagas.quallitypsi.com.br\/wp-content\/uploads\/2021\/06\/cropped-cropped-Untitled-design-3.png","contentUrl":"https:\/\/qvagas.quallitypsi.com.br\/wp-content\/uploads\/2021\/06\/cropped-cropped-Untitled-design-3.png","width":121,"height":134,"caption":"QVagas"},"image":{"@id":"https:\/\/qvagas.quallitypsi.com.br\/#\/schema\/logo\/image\/"},"sameAs":["https:\/\/www.facebook.com\/quallitypsi","https:\/\/www.linkedin.com\/company\/10451524","https:\/\/www.instagram.com\/quallitypsi\/","https:\/\/www.youtube.com\/channel\/UCFxBomMgYZ69n36yTcPUTJg"]}]}},"_links":{"self":[{"href":"https:\/\/qvagas.quallitypsi.com.br\/index.php\/wp-json\/wp\/v2\/pages\/47","targetHints":{"allow":["GET"]}}],"collection":[{"href":"https:\/\/qvagas.quallitypsi.com.br\/index.php\/wp-json\/wp\/v2\/pages"}],"about":[{"href":"https:\/\/qvagas.quallitypsi.com.br\/index.php\/wp-json\/wp\/v2\/types\/page"}],"author":[{"embeddable":true,"href":"https:\/\/qvagas.quallitypsi.com.br\/index.php\/wp-json\/wp\/v2\/users\/3"}],"replies":[{"embeddable":true,"href":"https:\/\/qvagas.quallitypsi.com.br\/index.php\/wp-json\/wp\/v2\/comments?post=47"}],"version-history":[{"count":3,"href":"https:\/\/qvagas.quallitypsi.com.br\/index.php\/wp-json\/wp\/v2\/pages\/47\/revisions"}],"predecessor-version":[{"id":4173,"href":"https:\/\/qvagas.quallitypsi.com.br\/index.php\/wp-json\/wp\/v2\/pages\/47\/revisions\/4173"}],"wp:attachment":[{"href":"https:\/\/qvagas.quallitypsi.com.br\/index.php\/wp-json\/wp\/v2\/media?parent=47"}],"curies":[{"name":"wp","href":"https:\/\/api.w.org\/{rel}","templated":true}]}}